{"id":11109,"date":"2018-05-22T10:13:24","date_gmt":"2018-05-22T10:13:24","guid":{"rendered":"https:\/\/ginjadeobidos.com\/dario-marta-pimpao\/"},"modified":"2019-04-02T12:11:43","modified_gmt":"2019-04-02T12:11:43","slug":"dario-marta-pimpao","status":"publish","type":"page","link":"https:\/\/ginjadeobidos.com\/en\/dario-marta-pimpao\/","title":{"rendered":"D\u00e1rio &#038; Marta Pimp\u00e3o"},"content":{"rendered":"<div class=\"wpb-content-wrapper\"><p>[vc_row css=&#8221;.vc_custom_1496836131227{margin-top: 20px !important;}&#8221;][vc_column width=&#8221;1\/2&#8243;]<div class=\"ult-animation  ult-animate-viewport  ult-no-mobile \" data-animate=\"fadeInUp\" data-animation-delay=\"1\" data-animation-duration=\"1\" data-animation-iteration=\"1\" style=\"opacity:0;\" data-opacity_start_effect=\"\">[vc_single_image image=&#8221;10965&#8243; img_size=&#8221;full&#8221;]<\/div>[\/vc_column][vc_column width=&#8221;1\/2&#8243;]<div class=\"ult-animation  ult-animate-viewport  ult-no-mobile \" data-animate=\"bounceInLeft\" data-animation-delay=\"1\" data-animation-duration=\"1\" data-animation-iteration=\"1\" style=\"opacity:0;\" data-opacity_start_effect=\"\">[vc_column_text css=&#8221;.vc_custom_1528130754397{margin-top: 20px !important;margin-bottom: 0px !important;}&#8221;]<\/p>\n<h2>The Pimp\u00e3o Family<\/h2>\n<p>[\/vc_column_text]<div class=\"ult-spacer spacer-69df0867b224a\" data-id=\"69df0867b224a\" data-height=\"20\" data-height-mobile=\"20\" data-height-tab=\"20\" data-height-tab-portrait=\"\" data-height-mobile-landscape=\"\" style=\"clear:both;display:block;\"><\/div>[vc_column_text]Born in 1955 in Sobral da Lagoa, in the municipality of \u00d3bidos, married, with one daughter, D\u00e1rio Pimp\u00e3o was born into a family and village with close ties to the activities of the land and in an environment where the ginjeiras and their fruits have always been part of his daily life.<\/p>\n<p>D\u00e1rio Pimp\u00e3o, self-taught in the art of producing Ginja, D\u00e1rio Pimp\u00e3o is a liqueur maker with an enormous passion for his job, always striving to attain perfection in the activity that he elected as his professional path.<br \/>\nInspired by the ancient tradition of making homemade Ginja for his own pleasure and for sharing with friends, he embraced the challenge of developing a recipe that allows him to produce a totally natural product, without artificial additives, that places Oppidum Ginja as a reference among Ginjas de \u00d3bidos.<\/p>\n<p>Refusing to industrialise the process by which his Ginja is made, this Master liqueur maker remains faithful to his work formula, which has earned him many compliments and the loyalty of a demanding clientele that considers Oppidum its favourite Ginja de \u00d3bidos.<\/p>\n<p>An experimenter of flavours, he has also dedicated time to the confection of sweets, jams and fruit comfits, transforming the quality raw material which grows abundantly in the region into these various delicacies and thus earning the preference of pastry chefs for his products.<\/p>\n<p>An entrepreneur, he was a pioneer in the invention of Ginja served in a chocolate cup. This innovative way of appreciating Ginja de \u00d3bidos was one of the inspirations for the first Chocolate Festival held in \u00d3bidos in 2002. Later, this evolved into the production of &#8216;Ginja with Chocolate&#8217;, for which he holds the patent.<br \/>\n\u200b<br \/>\nD\u00e1rio Pimp\u00e3o, a faithful friend, a man of sincere ways, well known for his integrity, is a lover of the sea and also a hunter, and enjoys receiving all those who wish to discover his life&#8217;s work and taste his Ginja.[\/vc_column_text]<\/div>[\/vc_column][\/vc_row]<\/p>\n<\/div>","protected":false},"excerpt":{"rendered":"<p>[vc_row css=&#8221;.vc_custom_1496836131227{margin-top: 20px !important;}&#8221;][vc_column width=&#8221;1\/2&#8243;][\/vc_column][vc_column width=&#8221;1\/2&#8243;][\/vc_column][\/vc_row]<\/p>\n","protected":false},"author":1,"featured_media":0,"parent":0,"menu_order":0,"comment_status":"closed","ping_status":"closed","template":"","meta":{"footnotes":""},"class_list":["post-11109","page","type-page","status-publish","hentry"],"_links":{"self":[{"href":"https:\/\/ginjadeobidos.com\/en\/wp-json\/wp\/v2\/pages\/11109","targetHints":{"allow":["GET"]}}],"collection":[{"href":"https:\/\/ginjadeobidos.com\/en\/wp-json\/wp\/v2\/pages"}],"about":[{"href":"https:\/\/ginjadeobidos.com\/en\/wp-json\/wp\/v2\/types\/page"}],"author":[{"embeddable":true,"href":"https:\/\/ginjadeobidos.com\/en\/wp-json\/wp\/v2\/users\/1"}],"replies":[{"embeddable":true,"href":"https:\/\/ginjadeobidos.com\/en\/wp-json\/wp\/v2\/comments?post=11109"}],"version-history":[{"count":0,"href":"https:\/\/ginjadeobidos.com\/en\/wp-json\/wp\/v2\/pages\/11109\/revisions"}],"wp:attachment":[{"href":"https:\/\/ginjadeobidos.com\/en\/wp-json\/wp\/v2\/media?parent=11109"}],"curies":[{"name":"wp","href":"https:\/\/api.w.org\/{rel}","templated":true}]}}