{"id":11165,"date":"2018-05-29T17:52:52","date_gmt":"2018-05-29T17:52:52","guid":{"rendered":"https:\/\/ginjadeobidos.com\/medalha-de-ouro-2014\/"},"modified":"2019-04-02T12:08:21","modified_gmt":"2019-04-02T12:08:21","slug":"2014-gold-medal","status":"publish","type":"page","link":"https:\/\/ginjadeobidos.com\/en\/2014-gold-medal\/","title":{"rendered":"2014 Gold Medal"},"content":{"rendered":"<div class=\"wpb-content-wrapper\"><p>[vc_row css=&#8221;.vc_custom_1496836131227{margin-top: 20px !important;}&#8221;][vc_column width=&#8221;1\/4&#8243;]<div class=\"ult-animation  ult-animate-viewport  ult-no-mobile \" data-animate=\"fadeInUp\" data-animation-delay=\"1\" data-animation-duration=\"1\" data-animation-iteration=\"1\" style=\"opacity:0;\" data-opacity_start_effect=\"\">[vc_single_image image=&#8221;10979&#8243; img_size=&#8221;full&#8221;]<\/div>[\/vc_column][vc_column width=&#8221;3\/4&#8243;]<div class=\"ult-animation  ult-animate-viewport  ult-no-mobile \" data-animate=\"bounceInLeft\" data-animation-delay=\"1\" data-animation-duration=\"1\" data-animation-iteration=\"1\" style=\"opacity:0;\" data-opacity_start_effect=\"\">[vc_column_text css=&#8221;.vc_custom_1527616435752{margin-top: 20px !important;margin-bottom: 0px !important;}&#8221;]<\/p>\n<h2>INTERNATIONAL REVIEW OF SPIRITS &#8211; TASTINGS GOLD 2014<\/h2>\n<p>[\/vc_column_text]<div class=\"ult-spacer spacer-69df2370dcb04\" data-id=\"69df2370dcb04\" data-height=\"20\" data-height-mobile=\"20\" data-height-tab=\"20\" data-height-tab-portrait=\"\" data-height-mobile-landscape=\"\" style=\"clear:both;display:block;\"><\/div>[vc_column_text]Ginja de \u00d3bidos Oppidum is classified as Exceptional, achieving a GOLD medal in the U.S.<\/p>\n<p>Ginja de \u00d3bidos Oppidum returned to the test &#8211; something that its producers, D\u00e1rio and Marta Pimp\u00e3o already had become used to. It was again in the United States of America &#8211; this time at the Beverage Tasting Institute (Chicago) &#8211; that last month&#8217;s spirits trials attributed Ginja de \u00d3bidos Oppidum to the &#8220;Outstanding&#8221; rate, with a score of 92 points (in 100), corresponding to a GOLD medal. It was by this independent jury &#8211; with a large panel of tasters and alcoholic beverage critics &#8211; that \u00d3bidos&#8217; original ginja was also awarded the &#8220;Best Buy&#8221; rating, which translates to a &#8220;product of extraordinary value&#8221;.<\/p>\n<p>This award, attributed to Ginja de \u00d3bidos Oppidum, joins the Bronze Medal won in London in 2012 (at the International Wine and Spirits Competition) and the recent Silver medal of April this year, in the world-famous American contest &#8211; the San Francisco World Spirits Competition.<\/p>\n<p>These international awards reward the renowned quality of Ginja de \u00d3bidos Oppidum, which continues to be produced in a traditional way by D\u00e1rio Pimp\u00e3o, in the heart of his family business, in the village of Sobral da Lagoa &#8211; municipality of \u00d3bidos.<\/p>\n<p style=\"text-align: left;\"><strong>September 2012\u00a0 &#8211; Press Articles<\/strong><\/p>\n<p style=\"text-align: left;\"><strong><a href=\"https:\/\/ginjadeobidos.com\/wp-content\/uploads\/2018\/05\/GAZETA_ABRIL_2014.pdf\">Jornal Gazeta das Caldas<\/a> | <a href=\"https:\/\/ginjadeobidos.com\/wp-content\/uploads\/2018\/05\/badaladas-PDF.pdf\">Jornal Badaladas<\/a><\/strong><\/p>\n<p>[\/vc_column_text]<\/div>[\/vc_column][\/vc_row]<\/p>\n<\/div>","protected":false},"excerpt":{"rendered":"<p>[vc_row css=&#8221;.vc_custom_1496836131227{margin-top: 20px !important;}&#8221;][vc_column width=&#8221;1\/4&#8243;][\/vc_column][vc_column width=&#8221;3\/4&#8243;][\/vc_column][\/vc_row]<\/p>\n","protected":false},"author":1,"featured_media":0,"parent":0,"menu_order":0,"comment_status":"closed","ping_status":"closed","template":"","meta":{"footnotes":""},"class_list":["post-11165","page","type-page","status-publish","hentry"],"_links":{"self":[{"href":"https:\/\/ginjadeobidos.com\/en\/wp-json\/wp\/v2\/pages\/11165","targetHints":{"allow":["GET"]}}],"collection":[{"href":"https:\/\/ginjadeobidos.com\/en\/wp-json\/wp\/v2\/pages"}],"about":[{"href":"https:\/\/ginjadeobidos.com\/en\/wp-json\/wp\/v2\/types\/page"}],"author":[{"embeddable":true,"href":"https:\/\/ginjadeobidos.com\/en\/wp-json\/wp\/v2\/users\/1"}],"replies":[{"embeddable":true,"href":"https:\/\/ginjadeobidos.com\/en\/wp-json\/wp\/v2\/comments?post=11165"}],"version-history":[{"count":0,"href":"https:\/\/ginjadeobidos.com\/en\/wp-json\/wp\/v2\/pages\/11165\/revisions"}],"wp:attachment":[{"href":"https:\/\/ginjadeobidos.com\/en\/wp-json\/wp\/v2\/media?parent=11165"}],"curies":[{"name":"wp","href":"https:\/\/api.w.org\/{rel}","templated":true}]}}