{"id":11173,"date":"2018-05-29T16:50:57","date_gmt":"2018-05-29T16:50:57","guid":{"rendered":"https:\/\/ginjadeobidos.com\/premios\/"},"modified":"2021-04-26T14:15:10","modified_gmt":"2021-04-26T14:15:10","slug":"awards","status":"publish","type":"page","link":"https:\/\/ginjadeobidos.com\/en\/awards\/","title":{"rendered":"Awards"},"content":{"rendered":"<div class=\"wpb-content-wrapper\"><p>[vc_row css=&#8221;.vc_custom_1496836131227{margin-top: 20px !important;}&#8221;][vc_column width=&#8221;1\/4&#8243;]<div class=\"ult-animation  ult-animate-viewport  ult-no-mobile \" data-animate=\"fadeInUp\" data-animation-delay=\"1\" data-animation-duration=\"1\" data-animation-iteration=\"1\" style=\"opacity:0;\" data-opacity_start_effect=\"\">[vc_single_image image=&#8221;10974&#8243; img_size=&#8221;full&#8221; alignment=&#8221;center&#8221; onclick=&#8221;custom_link&#8221; link=&#8221;https:\/\/ginjadeobidos.com\/en\/bronze-medal-2012\/&#8221;][vc_column_text]<\/p>\n<p style=\"text-align: center;\">2012 &#8211; GINJA DE \u00d3BIDOS OPPIDUM was awarded in an international competition, the International Wine and Spirit Competition, where more than 80 countries participated &#8230; <a href=\"https:\/\/ginjadeobidos.com\/en\/bronze-medal-2012\/\">More<\/a><\/p>\n<p>[\/vc_column_text]<\/div>[\/vc_column][vc_column width=&#8221;1\/4&#8243;]<div class=\"ult-animation  ult-animate-viewport  ult-no-mobile \" data-animate=\"fadeInUp\" data-animation-delay=\"1\" data-animation-duration=\"1\" data-animation-iteration=\"1\" style=\"opacity:0;\" data-opacity_start_effect=\"\">[vc_single_image image=&#8221;10978&#8243; img_size=&#8221;full&#8221; alignment=&#8221;center&#8221; onclick=&#8221;custom_link&#8221; link=&#8221;https:\/\/ginjadeobidos.com\/en\/silver-medal-2014\/&#8221;][vc_column_text]<\/p>\n<p style=\"text-align: center;\">2014 &#8211; Ginja de \u00d3bidos Oppidum was awarded the silver medal in the World Spirits Competition, which took place in San Francisco, United States of America&#8230; <a href=\"https:\/\/ginjadeobidos.com\/en\/silver-medal-2014\/\">More<\/a><\/p>\n<p>[\/vc_column_text]<\/div>[\/vc_column][vc_column width=&#8221;1\/4&#8243;]<div class=\"ult-animation  ult-animate-viewport  ult-no-mobile \" data-animate=\"fadeInUp\" data-animation-delay=\"1\" data-animation-duration=\"1\" data-animation-iteration=\"1\" style=\"opacity:0;\" data-opacity_start_effect=\"\">[vc_single_image image=&#8221;10979&#8243; img_size=&#8221;full&#8221; alignment=&#8221;center&#8221; onclick=&#8221;custom_link&#8221; link=&#8221;https:\/\/ginjadeobidos.com\/en\/2014-gold-medal\/&#8221;][vc_column_text]<\/p>\n<p style=\"text-align: center;\">Ginja de \u00d3bidos Oppidum returned to the test &#8211; something that its producers, D\u00e1rio and Marta Pimp\u00e3o already had become used to. It was again in the United States of America&#8230; <a href=\"https:\/\/ginjadeobidos.com\/en\/2014-gold-medal\/\">More<\/a><\/p>\n<p>[\/vc_column_text]<\/div>[\/vc_column][vc_column width=&#8221;1\/4&#8243;]<div class=\"ult-animation  ult-animate-viewport  ult-no-mobile \" data-animate=\"fadeInUp\" data-animation-delay=\"1\" data-animation-duration=\"1\" data-animation-iteration=\"1\" style=\"opacity:0;\" data-opacity_start_effect=\"\">[vc_single_image image=&#8221;11996&#8243; img_size=&#8221;full&#8221; alignment=&#8221;center&#8221; onclick=&#8221;custom_link&#8221; link=&#8221;https:\/\/ginjadeobidos.com\/en\/international-award-world-liqueur-awards-2021\/&#8221;][vc_column_text]<\/p>\n<p style=\"text-align: center;\">Oppidum Ginja de \u00d3bidos was submitted to a panel of tasters and critics of spirits, along with liquors from all over the world, in the international contest&#8230; <a href=\"https:\/\/ginjadeobidos.com\/en\/international-award-world-liqueur-awards-2021\/\">More<\/a><\/p>\n<p>[\/vc_column_text]<\/div>[\/vc_column][\/vc_row]<\/p>\n<\/div>","protected":false},"excerpt":{"rendered":"<p>[vc_row css=&#8221;.vc_custom_1496836131227{margin-top: 20px !important;}&#8221;][vc_column width=&#8221;1\/4&#8243;][\/vc_column][vc_column width=&#8221;1\/4&#8243;][\/vc_column][vc_column width=&#8221;1\/4&#8243;][\/vc_column][vc_column width=&#8221;1\/4&#8243;][\/vc_column][\/vc_row]<\/p>\n","protected":false},"author":1,"featured_media":0,"parent":0,"menu_order":0,"comment_status":"closed","ping_status":"closed","template":"","meta":{"footnotes":""},"class_list":["post-11173","page","type-page","status-publish","hentry"],"_links":{"self":[{"href":"https:\/\/ginjadeobidos.com\/en\/wp-json\/wp\/v2\/pages\/11173","targetHints":{"allow":["GET"]}}],"collection":[{"href":"https:\/\/ginjadeobidos.com\/en\/wp-json\/wp\/v2\/pages"}],"about":[{"href":"https:\/\/ginjadeobidos.com\/en\/wp-json\/wp\/v2\/types\/page"}],"author":[{"embeddable":true,"href":"https:\/\/ginjadeobidos.com\/en\/wp-json\/wp\/v2\/users\/1"}],"replies":[{"embeddable":true,"href":"https:\/\/ginjadeobidos.com\/en\/wp-json\/wp\/v2\/comments?post=11173"}],"version-history":[{"count":0,"href":"https:\/\/ginjadeobidos.com\/en\/wp-json\/wp\/v2\/pages\/11173\/revisions"}],"wp:attachment":[{"href":"https:\/\/ginjadeobidos.com\/en\/wp-json\/wp\/v2\/media?parent=11173"}],"curies":[{"name":"wp","href":"https:\/\/api.w.org\/{rel}","templated":true}]}}