{"id":11238,"date":"2017-06-07T08:28:20","date_gmt":"2017-06-07T08:28:20","guid":{"rendered":"https:\/\/ginjadeobidos.com\/home\/"},"modified":"2020-11-26T12:08:45","modified_gmt":"2020-11-26T12:08:45","slug":"home","status":"publish","type":"page","link":"https:\/\/ginjadeobidos.com\/en\/","title":{"rendered":"Home"},"content":{"rendered":"<div class=\"wpb-content-wrapper\"><p>[vc_row el_class=&#8221;vcr_align-top&#8221;][vc_column][vc_row_inner][vc_column_inner width=&#8221;1\/2&#8243;]<div class=\"ult-spacer spacer-69e739509c3c9\" data-id=\"69e739509c3c9\" data-height=\"140\" data-height-mobile=\"20\" data-height-tab=\"80\" data-height-tab-portrait=\"60\" data-height-mobile-landscape=\"40\" style=\"clear:both;display:block;\"><\/div><div class=\"ult-animation  ult-animate-viewport  ult-no-mobile \" data-animate=\"fadeInUp\" data-animation-delay=\"1\" data-animation-duration=\"1\" data-animation-iteration=\"1\" style=\"opacity:0;\" data-opacity_start_effect=\"\">[vc_single_image image=&#8221;10141&#8243; img_size=&#8221;full&#8221; alignment=&#8221;center&#8221; el_class=&#8221;vcr_img-with-shadow&#8221;]<\/div>[\/vc_column_inner][vc_column_inner width=&#8221;1\/2&#8243;]<div class=\"ult-spacer spacer-69e739509c45d\" data-id=\"69e739509c45d\" data-height=\"140\" data-height-mobile=\"20\" data-height-tab=\"80\" data-height-tab-portrait=\"60\" data-height-mobile-landscape=\"40\" style=\"clear:both;display:block;\"><\/div><div class=\"ult-animation  ult-animate-viewport  ult-no-mobile \" data-animate=\"fadeInDown\" data-animation-delay=\"1\" data-animation-duration=\"1\" data-animation-iteration=\"1\" style=\"opacity:0;\" data-opacity_start_effect=\"\"><div class='dt-sc-title script-with-sub-title aligncenter'><h1>OPPIDUM<\/p>\n<p>since 1987<\/h1><h3>It's not gold. It's carmine.<\/h3><\/div>[vc_column_text el_class=&#8221;aligncenter&#8221;]Challenge, inspiration and passion were the great motivators of D\u00e1rio Pimp\u00e3o in producing a natural Ginja without colourings or additives, made from high quality ingredients.<\/p>\n<p>Savoured offers a smooth and full-bodied flavour. It all starts with the selection of the fruit picked from the morello trees (ginjeiras) in orchards (ginjais) of producers who, for decades, have been suppliers of the morello cherry (ginjas).<\/p>\n<p>\u200b<br \/>\nEach peduncle is carefully removed and, once in our premises, the fruit goes into a hydro-alcoholic infusion where it remains some months until it reaches the desired stage, in what is a long process that requires a lot of patience and knowledge, evolving with the passage of time.<\/p>\n<p>By its very nature, aging is long term and any attempt to accelerate the process can be disastrous to the final result.<\/p>\n<h4>Do you wish to discover Ginja de \u00d3bidos?<\/h4>\n<p>[\/vc_column_text]<\/div>[\/vc_column_inner][\/vc_row_inner]<div class=\"ult-spacer spacer-69e739509c52d\" data-id=\"69e739509c52d\" data-height=\"50\" data-height-mobile=\"50\" data-height-tab=\"50\" data-height-tab-portrait=\"\" data-height-mobile-landscape=\"\" style=\"clear:both;display:block;\"><\/div>[vc_row_inner][vc_column_inner width=&#8221;1\/3&#8243; css=&#8221;.vc_custom_1501496308599{border-right-width: 1px !important;border-right-color: #ecedf1 !important;border-right-style: dashed !important;}&#8221;]<div class=\"ult-animation  ult-animate-viewport  ult-no-mobile \" data-animate=\"bounceInLeft\" data-animation-delay=\"1\" data-animation-duration=\"1\" data-animation-iteration=\"1\" style=\"opacity:0;\" data-opacity_start_effect=\"\">[vc_column_text el_class=&#8221;aligncenter&#8221; css=&#8221;.vc_custom_1528128502692{margin-bottom: 20px !important;}&#8221;]Contact by phone[\/vc_column_text][vc_custom_heading text=&#8221;(00351) 966 641 924&#8243; font_container=&#8221;tag:h3|font_size:25|text_align:center&#8221; use_theme_fonts=&#8221;yes&#8221;][vc_empty_space]<\/div>[\/vc_column_inner][vc_column_inner width=&#8221;1\/3&#8243; css=&#8221;.vc_custom_1501496294959{border-right-width: 1px !important;border-right-color: #ecedf1 !important;border-right-style: dashed !important;}&#8221;]<div class=\"ult-animation  ult-animate-viewport  ult-no-mobile \" data-animate=\"bounceInDown\" data-animation-delay=\"1\" data-animation-duration=\"1\" data-animation-iteration=\"1\" style=\"opacity:0;\" data-opacity_start_effect=\"\">[vc_column_text el_class=&#8221;aligncenter&#8221; css=&#8221;.vc_custom_1528128525363{margin-bottom: 20px !important;}&#8221;]Send us an email[\/vc_column_text][vc_custom_heading text=&#8221;info@ginjadeobidos.com&#8221; font_container=&#8221;tag:h3|font_size:25|text_align:center&#8221; use_theme_fonts=&#8221;yes&#8221; link=&#8221;url:mailto%3Ainfo%40ginjadeobidos.com|||&#8221;][vc_empty_space]<\/div>[\/vc_column_inner][vc_column_inner el_class=&#8221;aligncenter&#8221; width=&#8221;1\/3&#8243;]<div class=\"ult-animation  ult-animate-viewport  ult-no-mobile \" data-animate=\"bounceInRight\" data-animation-delay=\"1\" data-animation-duration=\"1\" data-animation-iteration=\"1\" style=\"opacity:0;\" data-opacity_start_effect=\"\">[vc_column_text el_class=&#8221;aligncenter&#8221; css=&#8221;.vc_custom_1528128544662{margin-bottom: 20px !important;}&#8221;]Follow us on Facebook[\/vc_column_text]<ul class='dt-sc-sociable rounded-border '><li><a class=\"fa fa-facebook\" target=\"_blank\" href=\"https:\/\/www.facebook.com\/GinjaOppidum\"><\/a><\/li><\/ul><\/div>[\/vc_column_inner][\/vc_row_inner]<div class=\"ult-spacer spacer-69e739509c6ab\" data-id=\"69e739509c6ab\" data-height=\"80\" data-height-mobile=\"80\" data-height-tab=\"80\" data-height-tab-portrait=\"\" data-height-mobile-landscape=\"\" style=\"clear:both;display:block;\"><\/div>[\/vc_column][\/vc_row][vc_row full_width=&#8221;stretch_row_content&#8221; css=&#8221;.vc_custom_1526995268478{background-color: #e8e8e8 !important;}&#8221;][vc_column]<div class=\"ult-spacer spacer-69e739509c6cb\" data-id=\"69e739509c6cb\" data-height=\"50\" data-height-mobile=\"50\" data-height-tab=\"50\" data-height-tab-portrait=\"\" data-height-mobile-landscape=\"\" style=\"clear:both;display:block;\"><\/div><div id=\"ultimate-heading-443569e739509c875\" class=\"uvc-heading ult-adjust-bottom-margin ultimate-heading-443569e739509c875 uvc-1137 \" data-hspacer=\"icon_only\"  data-halign=\"center\" style=\"text-align:center\"><div class=\"uvc-main-heading ult-responsive\"  data-ultimate-target='.uvc-heading.ultimate-heading-443569e739509c875 h3'  data-responsive-json-new='{\"font-size\":\"\",\"line-height\":\"\"}' ><h3 style=\"font-weight:normal;\">Featured Products<\/h3><\/div><div class=\"uvc-heading-spacer icon_only\" style=\"top\"><div class=\"ult-just-icon-wrapper  \"><div class=\"align-icon\" style=\"text-align:center;\">\n<div class=\"aio-icon none \"  style=\"font-size:32px;display:inline-block;\">\n\t<i class=\"Defaults-glass\"><\/i>\n<\/div><\/div><\/div><\/div><div class=\"uvc-sub-heading ult-responsive\"  data-ultimate-target='.uvc-heading.ultimate-heading-443569e739509c875 .uvc-sub-heading '  data-responsive-json-new='{\"font-size\":\"\",\"line-height\":\"\"}'  style=\"font-weight:normal;\"><a href=\"https:\/\/ginjadeobidos.com\/en\/products\/\">view all our products<\/a><\/div><\/div><div class=\"ult-spacer spacer-69e739509c8bd\" data-id=\"69e739509c8bd\" data-height=\"50\" data-height-mobile=\"50\" data-height-tab=\"50\" data-height-tab-portrait=\"\" data-height-mobile-landscape=\"\" style=\"clear:both;display:block;\"><\/div>[\/vc_column][\/vc_row][vc_row full_width=&#8221;stretch_row_content_no_spaces&#8221; css_animation=&#8221;fadeInUp&#8221; css=&#8221;.vc_custom_1501664710606{margin-bottom: 0px !important;}&#8221;][vc_column width=&#8221;1\/4&#8243;]<div class='dt-sc-image-caption type9 '><div class='dt-sc-image-wrapper'><a href=\"https:\/\/ginjadeobidos.com\/en\/050-bottle\/\" alt=\"\" title=\"\"><img loading=\"lazy\" decoding=\"async\" width=\"966\" height=\"1448\" src=\"https:\/\/ginjadeobidos.com\/wp-content\/uploads\/2020\/11\/ginja-oppidum-garrafa-500-ml-2020.jpg\" class=\"attachment-full\" alt=\"\" title=\"ginja-oppidum-garrafa-500-ml-2020\" srcset=\"https:\/\/ginjadeobidos.com\/wp-content\/uploads\/2020\/11\/ginja-oppidum-garrafa-500-ml-2020.jpg 966w, https:\/\/ginjadeobidos.com\/wp-content\/uploads\/2020\/11\/ginja-oppidum-garrafa-500-ml-2020-200x300.jpg 200w, https:\/\/ginjadeobidos.com\/wp-content\/uploads\/2020\/11\/ginja-oppidum-garrafa-500-ml-2020-683x1024.jpg 683w, https:\/\/ginjadeobidos.com\/wp-content\/uploads\/2020\/11\/ginja-oppidum-garrafa-500-ml-2020-768x1151.jpg 768w\" sizes=\"auto, (max-width: 966px) 100vw, 966px\" \/><\/a><div class=\"dt-sc-image-overlay\"><p><\/p><\/div><\/div><div class='dt-sc-image-content'><div class='dt-sc-image-title'><a href=\"https:\/\/ginjadeobidos.com\/en\/050-bottle\/\" alt=\"\" title=\"\"><h3><a href=\"https:\/\/ginjadeobidos.com\/en\/050-bottle\/\" target=\"_self\">0,50 L Bottles<\/a><\/h3><\/a><\/div><\/div><\/div>[\/vc_column][vc_column width=&#8221;1\/4&#8243;]<div class='dt-sc-image-caption type9 '><div class='dt-sc-image-wrapper'><a href=\"https:\/\/ginjadeobidos.com\/en\/bag-in-tube-45-l\/\" alt=\"\" title=\"\"><img loading=\"lazy\" decoding=\"async\" width=\"966\" height=\"1448\" src=\"https:\/\/ginjadeobidos.com\/wp-content\/uploads\/2020\/11\/Bag-in-Tube-4-5-L.jpg\" class=\"attachment-full\" alt=\"\" title=\"Bag-in-Tube-4-5-L\" srcset=\"https:\/\/ginjadeobidos.com\/wp-content\/uploads\/2020\/11\/Bag-in-Tube-4-5-L.jpg 966w, https:\/\/ginjadeobidos.com\/wp-content\/uploads\/2020\/11\/Bag-in-Tube-4-5-L-200x300.jpg 200w, https:\/\/ginjadeobidos.com\/wp-content\/uploads\/2020\/11\/Bag-in-Tube-4-5-L-683x1024.jpg 683w, https:\/\/ginjadeobidos.com\/wp-content\/uploads\/2020\/11\/Bag-in-Tube-4-5-L-768x1151.jpg 768w\" sizes=\"auto, (max-width: 966px) 100vw, 966px\" \/><\/a><div class=\"dt-sc-image-overlay\"><p><\/p><\/div><\/div><div class='dt-sc-image-content'><div class='dt-sc-image-title'><a href=\"https:\/\/ginjadeobidos.com\/en\/bag-in-tube-45-l\/\" alt=\"\" title=\"\"><h3><a href=\"https:\/\/ginjadeobidos.com\/en\/bag-in-tube-45-l\/\" target=\"_self\">Bag In Tube 4,5 L<\/a><\/h3><\/a><\/div><\/div><\/div>[\/vc_column][vc_column width=&#8221;1\/4&#8243;]<div class='dt-sc-image-caption type9 '><div class='dt-sc-image-wrapper'><a href=\"https:\/\/ginjadeobidos.com\/en\/050-l-bottle-chocolate-cups\/\" alt=\"\" title=\"\"><img loading=\"lazy\" decoding=\"async\" width=\"966\" height=\"1448\" src=\"https:\/\/ginjadeobidos.com\/wp-content\/uploads\/2020\/11\/ginja-oppidum-garrafa-500-cl-12-copos-chocolate-2020.jpg\" class=\"attachment-full\" alt=\"\" title=\"ginja-oppidum-garrafa-500-cl-12-copos-chocolate-2020\" srcset=\"https:\/\/ginjadeobidos.com\/wp-content\/uploads\/2020\/11\/ginja-oppidum-garrafa-500-cl-12-copos-chocolate-2020.jpg 966w, https:\/\/ginjadeobidos.com\/wp-content\/uploads\/2020\/11\/ginja-oppidum-garrafa-500-cl-12-copos-chocolate-2020-200x300.jpg 200w, https:\/\/ginjadeobidos.com\/wp-content\/uploads\/2020\/11\/ginja-oppidum-garrafa-500-cl-12-copos-chocolate-2020-683x1024.jpg 683w, https:\/\/ginjadeobidos.com\/wp-content\/uploads\/2020\/11\/ginja-oppidum-garrafa-500-cl-12-copos-chocolate-2020-768x1151.jpg 768w\" sizes=\"auto, (max-width: 966px) 100vw, 966px\" \/><\/a><div class=\"dt-sc-image-overlay\"><p><\/p><\/div><\/div><div class='dt-sc-image-content'><div class='dt-sc-image-title'><a href=\"https:\/\/ginjadeobidos.com\/en\/050-l-bottle-chocolate-cups\/\" alt=\"\" title=\"\"><h3><a href=\"https:\/\/ginjadeobidos.com\/en\/050-l-bottle-chocolate-cups\/\" target=\"_self\">0,50 L Bottle + Chocolate Cups<\/a><\/h3><\/a><\/div><\/div><\/div>[\/vc_column][vc_column width=&#8221;1\/4&#8243;]<div class='dt-sc-image-caption type9 '><div class='dt-sc-image-wrapper'><a href=\"https:\/\/ginjadeobidos.com\/en\/dom-pimpas-bag-in-tube-45-l\/\" alt=\"\" title=\"\"><img loading=\"lazy\" decoding=\"async\" width=\"966\" height=\"1448\" src=\"https:\/\/ginjadeobidos.com\/wp-content\/uploads\/2020\/11\/Bag-in-Tube-dom-pimpas-4-5-L.jpg\" class=\"attachment-full\" alt=\"\" title=\"Bag-in-Tube-dom-pimpas-4-5-L\" srcset=\"https:\/\/ginjadeobidos.com\/wp-content\/uploads\/2020\/11\/Bag-in-Tube-dom-pimpas-4-5-L.jpg 966w, https:\/\/ginjadeobidos.com\/wp-content\/uploads\/2020\/11\/Bag-in-Tube-dom-pimpas-4-5-L-200x300.jpg 200w, https:\/\/ginjadeobidos.com\/wp-content\/uploads\/2020\/11\/Bag-in-Tube-dom-pimpas-4-5-L-683x1024.jpg 683w, https:\/\/ginjadeobidos.com\/wp-content\/uploads\/2020\/11\/Bag-in-Tube-dom-pimpas-4-5-L-768x1151.jpg 768w\" sizes=\"auto, (max-width: 966px) 100vw, 966px\" \/><\/a><div class=\"dt-sc-image-overlay\"><p><\/p><\/div><\/div><div class='dt-sc-image-content'><div class='dt-sc-image-title'><a href=\"https:\/\/ginjadeobidos.com\/en\/dom-pimpas-bag-in-tube-45-l\/\" alt=\"\" title=\"\"><h3><a href=\"https:\/\/ginjadeobidos.com\/en\/dom-pimpas-bag-in-tube-45-l\/\" target=\"_self\">Dom Pimpas Bag in Tube 4,5 L<\/a><\/h3><\/a><\/div><\/div><\/div>[\/vc_column][\/vc_row][vc_row content_placement=&#8221;middle&#8221;][vc_column]<div class=\"ult-spacer spacer-69e739509d74b\" data-id=\"69e739509d74b\" data-height=\"80\" data-height-mobile=\"80\" data-height-tab=\"80\" data-height-tab-portrait=\"\" data-height-mobile-landscape=\"\" style=\"clear:both;display:block;\"><\/div>[\/vc_column][\/vc_row][vc_row css=&#8221;.vc_custom_1496836131227{margin-top: 20px !important;}&#8221;][vc_column width=&#8221;1\/2&#8243;]<div class=\"ult-animation  ult-animate-viewport  ult-no-mobile \" data-animate=\"fadeInUp\" data-animation-delay=\"1\" data-animation-duration=\"1\" data-animation-iteration=\"1\" style=\"opacity:0;\" data-opacity_start_effect=\"\">[vc_single_image image=&#8221;10965&#8243; img_size=&#8221;full&#8221;]<\/div>[\/vc_column][vc_column width=&#8221;1\/2&#8243;][vc_custom_heading text=&#8221;D\u00e1rio &amp; Marta Pimp\u00e3o&#8221; use_theme_fonts=&#8221;yes&#8221; el_class=&#8221;vcr_heading-right&#8221; css=&#8221;.vc_custom_1522778963284{margin-bottom: 0px !important;}&#8221;]<div class=\"ult-animation  ult-animate-viewport  ult-no-mobile \" data-animate=\"bounceInLeft\" data-animation-delay=\"1\" data-animation-duration=\"1\" data-animation-iteration=\"1\" style=\"opacity:0;\" data-opacity_start_effect=\"\">[vc_column_text css=&#8221;.vc_custom_1528130444167{margin-top: 20px !important;margin-bottom: 0px !important;}&#8221;]<\/p>\n<h5>The Pimp\u00e3o Family<\/h5>\n<p>[\/vc_column_text]<div class=\"ult-spacer spacer-69e739509d837\" data-id=\"69e739509d837\" data-height=\"20\" data-height-mobile=\"20\" data-height-tab=\"20\" data-height-tab-portrait=\"\" data-height-mobile-landscape=\"\" style=\"clear:both;display:block;\"><\/div>[vc_column_text]Born in 1955 in Sobral da Lagoa, in the municipality of \u00d3bidos, married, with one daughter, D\u00e1rio Pimp\u00e3o was born into a family and village with close ties to the activities of the land and in an environment where the ginjeiras and their fruits have always been part of his daily life.<\/p>\n<p>D\u00e1rio Pimp\u00e3o, Self-taught in the art of producing Ginja, D\u00e1rio Pimp\u00e3o is a liqueur maker with an enormous passion for his job&#8230;[\/vc_column_text]<a href='https:\/\/ginjadeobidos.com\/dario-marta-pimpao\/' target='_self' title='' class='dt-sc-button   medium icon-right with-icon  fully-rounded-border  ' > Read More <span class='fa fa-long-arrow-right'> <\/span><\/a><\/div>[\/vc_column][\/vc_row][vc_row][vc_column]<div class=\"ult-spacer spacer-69e739509d899\" data-id=\"69e739509d899\" data-height=\"50\" data-height-mobile=\"50\" data-height-tab=\"50\" data-height-tab-portrait=\"\" data-height-mobile-landscape=\"\" style=\"clear:both;display:block;\"><\/div>[\/vc_column][\/vc_row][vc_row full_width=&#8221;default_no_spaces&#8221; css_animation=&#8221;fadeInUp&#8221; css=&#8221;.vc_custom_1526990375241{background-image: url(https:\/\/ginjadeobidos.com\/wp-content\/uploads\/2018\/05\/sobral-back.jpg?id=10849) !important;background-position: center !important;background-repeat: no-repeat !important;background-size: cover !important;}&#8221; el_class=&#8221;vcr_hide-bg-mobile vcr_float_right&#8221;][vc_column width=&#8221;1\/2&#8243; css=&#8221;.vc_custom_1526989999491{margin-top: 80px !important;margin-bottom: 80px !important;}&#8221;]<div class=\"ult-animation  ult-animate-viewport  ult-no-mobile \" data-animate=\"fadeInDown\" data-animation-delay=\"1\" data-animation-duration=\"1\" data-animation-iteration=\"1\" style=\"opacity:0;\" data-opacity_start_effect=\"\">[vc_custom_heading text=&#8221;Sobral da Lagoa&#8221; font_container=&#8221;tag:h3|font_size:50|text_align:left|color:%23000000&#8243; use_theme_fonts=&#8221;yes&#8221; el_class=&#8221;vcr_z-index&#8221;][vc_custom_heading text=&#8221;From The Ground To The Cup&#8221; font_container=&#8221;tag:h3|font_size:30|text_align:left|color:%23000000&#8243; use_theme_fonts=&#8221;yes&#8221; el_class=&#8221;vcr_z-index&#8221;][vc_column_text el_class=&#8221;aligncenter vcr_z-index&#8221; css_animation=&#8221;none&#8221; css=&#8221;.vc_custom_1528131147479{padding-top: 30px !important;padding-right: 30px !important;padding-bottom: 30px !important;padding-left: 30px !important;background-color: #ffffff !important;}&#8221;]<\/p>\n<p style=\"text-align: left;\">To visit Sobral da Lagoa when the morello trees are in flower, normally from the second week of April to mid May, is a bucolic experience that should not be missed, with the bunches of flowers in white palettes, impossible to reproduce, descending the slopes in direction of the lowlands.<\/p>\n<p style=\"text-align: left;\">Strong northerly winds, a solar exposition influenced by Atlantic breezes and the humidity produced by morning fogs that roll up the hill from the \u00d3bidos Lagoon make the ginjas of Sobral da Lagoa the desired fruit of many Ginja liqueur producers&#8230;<\/p>\n<p>[\/vc_column_text]<div class=\"ult-spacer spacer-69e739509d8fe\" data-id=\"69e739509d8fe\" data-height=\"20\" data-height-mobile=\"20\" data-height-tab=\"20\" data-height-tab-portrait=\"\" data-height-mobile-landscape=\"\" style=\"clear:both;display:block;\"><\/div><a href='https:\/\/ginjadeobidos.com\/en\/sobral-da-lagoa-from-the-ground-to-the-cup\/' target='_self' title='' class='dt-sc-button   medium icon-right with-icon  fully-rounded-border  ' > Read More <span class='fa fa-long-arrow-right'> <\/span><\/a><\/div>[\/vc_column][vc_column width=&#8221;1\/2&#8243;][\/vc_column][\/vc_row][vc_row][vc_column]<div class=\"ult-spacer spacer-69e739509d94a\" data-id=\"69e739509d94a\" data-height=\"100\" data-height-mobile=\"100\" data-height-tab=\"100\" data-height-tab-portrait=\"\" data-height-mobile-landscape=\"\" style=\"clear:both;display:block;\"><\/div>[\/vc_column][\/vc_row][vc_row][vc_column width=&#8221;1\/2&#8243;]<div class=\"ult-animation  ult-animate-viewport  ult-no-mobile \" data-animate=\"bounceInRight\" data-animation-delay=\"1\" data-animation-duration=\"1\" data-animation-iteration=\"1\" style=\"opacity:0;\" data-opacity_start_effect=\"\">[vc_images_carousel images=&#8221;10876,10877,10878,10879,10880,10881&#8243; img_size=&#8221;full&#8221; onclick=&#8221;link_no&#8221; mode=&#8221;vertical&#8221; autoplay=&#8221;yes&#8221; hide_pagination_control=&#8221;yes&#8221; hide_prev_next_buttons=&#8221;yes&#8221; wrap=&#8221;yes&#8221; css_animation=&#8221;fadeIn&#8221;]<\/div>[\/vc_column][vc_column width=&#8221;1\/2&#8243;][vc_custom_heading text=&#8221;\u00d3bidos&#8221; use_theme_fonts=&#8221;yes&#8221; el_class=&#8221;vcr_heading-right&#8221; css=&#8221;.vc_custom_1526988562849{margin-bottom: 0px !important;}&#8221;]<div class=\"ult-animation  ult-animate-viewport  ult-no-mobile \" data-animate=\"bounceInLeft\" data-animation-delay=\"1\" data-animation-duration=\"1\" data-animation-iteration=\"1\" style=\"opacity:0;\" data-opacity_start_effect=\"\">[vc_column_text css=&#8221;.vc_custom_1528131465669{margin-top: 20px !important;margin-bottom: 0px !important;}&#8221;]<\/p>\n<h5>The Citadel Translated<\/h5>\n<p>[\/vc_column_text]<div class=\"ult-spacer spacer-69e739509d9de\" data-id=\"69e739509d9de\" data-height=\"20\" data-height-mobile=\"20\" data-height-tab=\"20\" data-height-tab-portrait=\"\" data-height-mobile-landscape=\"\" style=\"clear:both;display:block;\"><\/div>[vc_column_text]Surrounded by walls, this Estremadura village is living testimony of a past full of history and of important events that have marked the country.<br \/>\nSince the conquest of the Moors by our first king on 11 January 1148 to the advent of liberalism, \u00d3bidos lived an exceptional past in the national context. One of the most important moments was when King D. Dinis offered \u00d3bidos as a wedding gift to his wife, who would thereafter be immortalized as the Holy Queen.<\/p>\n<p>As the village now belonged to the house of the Queens of Portugal, fame and glory followed and this sponsorship by the sovereign brought social works, religious patrimony and administrative power to an important part of the territory today known as Oeste.[\/vc_column_text]<a href='https:\/\/ginjadeobidos.com\/en\/obidos\/' target='_self' title='' class='dt-sc-button   medium icon-right with-icon  fully-rounded-border  ' > Ver Mais <span class='fa fa-long-arrow-right'> <\/span><\/a><\/div>[\/vc_column][vc_column]<div class=\"ult-spacer spacer-69e739509da26\" data-id=\"69e739509da26\" data-height=\"100\" data-height-mobile=\"100\" data-height-tab=\"100\" data-height-tab-portrait=\"\" data-height-mobile-landscape=\"\" style=\"clear:both;display:block;\"><\/div>[\/vc_column][\/vc_row]<\/p>\n<\/div>","protected":false},"excerpt":{"rendered":"<p>[vc_row el_class=&#8221;vcr_align-top&#8221;][vc_column][vc_row_inner][vc_column_inner width=&#8221;1\/2&#8243;][\/vc_column_inner][vc_column_inner width=&#8221;1\/2&#8243;][\/vc_column_inner][\/vc_row_inner][vc_row_inner][vc_column_inner width=&#8221;1\/3&#8243; css=&#8221;.vc_custom_1501496308599{border-right-width: 1px !important;border-right-color: #ecedf1 !important;border-right-style: dashed !important;}&#8221;][\/vc_column_inner][vc_column_inner width=&#8221;1\/3&#8243; css=&#8221;.vc_custom_1501496294959{border-right-width: 1px !important;border-right-color: #ecedf1 !important;border-right-style: dashed !important;}&#8221;][\/vc_column_inner][vc_column_inner el_class=&#8221;aligncenter&#8221; width=&#8221;1\/3&#8243;][\/vc_column_inner][\/vc_row_inner][\/vc_column][\/vc_row][vc_row full_width=&#8221;stretch_row_content&#8221; css=&#8221;.vc_custom_1526995268478{background-color: #e8e8e8 !important;}&#8221;][vc_column][\/vc_column][\/vc_row][vc_row full_width=&#8221;stretch_row_content_no_spaces&#8221; css_animation=&#8221;fadeInUp&#8221; css=&#8221;.vc_custom_1501664710606{margin-bottom: 0px !important;}&#8221;][vc_column width=&#8221;1\/4&#8243;][\/vc_column][vc_column width=&#8221;1\/4&#8243;][\/vc_column][vc_column width=&#8221;1\/4&#8243;][\/vc_column][vc_column width=&#8221;1\/4&#8243;][\/vc_column][\/vc_row][vc_row content_placement=&#8221;middle&#8221;][vc_column][\/vc_column][\/vc_row][vc_row css=&#8221;.vc_custom_1496836131227{margin-top: 20px !important;}&#8221;][vc_column width=&#8221;1\/2&#8243;][\/vc_column][vc_column width=&#8221;1\/2&#8243;][vc_custom_heading text=&#8221;D\u00e1rio &amp; Marta Pimp\u00e3o&#8221; use_theme_fonts=&#8221;yes&#8221; el_class=&#8221;vcr_heading-right&#8221; css=&#8221;.vc_custom_1522778963284{margin-bottom: 0px !important;}&#8221;][\/vc_column][\/vc_row][vc_row][vc_column][\/vc_column][\/vc_row][vc_row full_width=&#8221;default_no_spaces&#8221; css_animation=&#8221;fadeInUp&#8221; css=&#8221;.vc_custom_1526990375241{background-image: url(https:\/\/ginjadeobidos.com\/wp-content\/uploads\/2018\/05\/sobral-back.jpg?id=10849) !important;background-position: [&hellip;]<\/p>\n","protected":false},"author":1,"featured_media":0,"parent":0,"menu_order":0,"comment_status":"closed","ping_status":"closed","template":"","meta":{"footnotes":""},"class_list":["post-11238","page","type-page","status-publish","hentry"],"_links":{"self":[{"href":"https:\/\/ginjadeobidos.com\/en\/wp-json\/wp\/v2\/pages\/11238","targetHints":{"allow":["GET"]}}],"collection":[{"href":"https:\/\/ginjadeobidos.com\/en\/wp-json\/wp\/v2\/pages"}],"about":[{"href":"https:\/\/ginjadeobidos.com\/en\/wp-json\/wp\/v2\/types\/page"}],"author":[{"embeddable":true,"href":"https:\/\/ginjadeobidos.com\/en\/wp-json\/wp\/v2\/users\/1"}],"replies":[{"embeddable":true,"href":"https:\/\/ginjadeobidos.com\/en\/wp-json\/wp\/v2\/comments?post=11238"}],"version-history":[{"count":0,"href":"https:\/\/ginjadeobidos.com\/en\/wp-json\/wp\/v2\/pages\/11238\/revisions"}],"wp:attachment":[{"href":"https:\/\/ginjadeobidos.com\/en\/wp-json\/wp\/v2\/media?parent=11238"}],"curies":[{"name":"wp","href":"https:\/\/api.w.org\/{rel}","templated":true}]}}